{"id":9,"date":"2020-07-02T13:37:36","date_gmt":"2020-07-02T12:37:36","guid":{"rendered":"https:\/\/www.cryptomania.cz\/ob\/uvodni-stranka\/"},"modified":"2023-06-15T11:26:48","modified_gmt":"2023-06-15T10:26:48","slug":"uvodni-stranka","status":"publish","type":"page","link":"https:\/\/www.cryptomania.cz\/ob\/","title":{"rendered":"P\u0159ihl\u00e1\u0161en\u00ed"},"content":{"rendered":"","protected":false},"excerpt":{"rendered":"","protected":false},"author":4,"featured_media":0,"parent":0,"menu_order":0,"comment_status":"closed","ping_status":"closed","template":"template-parts\/page-login.php","meta":{"footnotes":""},"class_list":["post-9","page","type-page","status-publish","hentry"],"_links":{"self":[{"href":"https:\/\/www.cryptomania.cz\/ob\/wp-json\/wp\/v2\/pages\/9","targetHints":{"allow":["GET"]}}],"collection":[{"href":"https:\/\/www.cryptomania.cz\/ob\/wp-json\/wp\/v2\/pages"}],"about":[{"href":"https:\/\/www.cryptomania.cz\/ob\/wp-json\/wp\/v2\/types\/page"}],"author":[{"embeddable":true,"href":"https:\/\/www.cryptomania.cz\/ob\/wp-json\/wp\/v2\/users\/4"}],"replies":[{"embeddable":true,"href":"https:\/\/www.cryptomania.cz\/ob\/wp-json\/wp\/v2\/comments?post=9"}],"version-history":[{"count":0,"href":"https:\/\/www.cryptomania.cz\/ob\/wp-json\/wp\/v2\/pages\/9\/revisions"}],"wp:attachment":[{"href":"https:\/\/www.cryptomania.cz\/ob\/wp-json\/wp\/v2\/media?parent=9"}],"curies":[{"name":"wp","href":"https:\/\/api.w.org\/{rel}","templated":true}]}}