{"id":132,"date":"2020-07-02T14:37:45","date_gmt":"2020-07-02T12:37:45","guid":{"rendered":"https:\/\/www.cryptomania.cz\/ob\/kontakt-2\/"},"modified":"2025-10-23T12:55:25","modified_gmt":"2025-10-23T10:55:25","slug":"kontakt","status":"publish","type":"page","link":"https:\/\/www.cryptomania.cz\/ob\/kontakt\/","title":{"rendered":"Kontakt"},"content":{"rendered":"<div class=\"lazyblock-cryptorace-perex-Z1RsD6X wp-block-lazyblock-cryptorace-perex\"><div class=\"row mb-4\">\n    <div class=\"col col-lg-10 col-xxl-8 offset-lg-1 offset-xxl-2 text-perex\">\n        <p>Vedouc\u00edho lektora kontaktujte, pokud naraz\u00edte na n\u011bjak\u00fd probl\u00e9m, se kter\u00fdm si nem\u016f\u017eete pomoci sami. <br>Lektor v\u00e1m ale nepom\u016f\u017ee s \u0159e\u0161en\u00edm jednotliv\u00fdch \u00fakol\u016f.<\/p>    <\/div>\n<\/div>\n<\/div>\n\n<div class=\"lazyblock-cryptorace-contact-CEEWF wp-block-lazyblock-cryptorace-contact\"><div class=\"row mt-3 row justify-content-center\">\n    <div class=\"col-12 col-md-4 col-lg-4 col-xxl-3\">\n        <h2 class=\"mb-3\">Vedouc\u00ed lektor kurzu<\/h2>\n        <ul>\n            <li><strong>Zby\u0161ek Podhr\u00e1zsk\u00fd<\/strong><\/li>\n            <li><i class=\"fa-solid fa-phone-volume\"><\/i> &nbsp; <a\n                        href=\"tel:+420 737 712 893\">+420 737 712 893<\/a>\n            <\/li>\n            <li><i class=\"fa-regular fa-envelope\"><\/i> &nbsp; <a\n                        href=\"mailto:podhrazsky@cryptomania.cz\">podhrazsky@cryptomania.cz<\/a>\n            <\/li>\n        <\/ul>\n    <\/div>\n    <div class=\"col col-md-8 col-lg-6 col-xxl-5 text-center border-bottom pt-5\">\n        <img decoding=\"async\" src=\"https:\/\/www.cryptomania.cz\/ob\/wp-content\/uploads\/sites\/313\/2024\/03\/kontakt-zby.png\"\n                 alt=\"Zby\u0161ek Podhr\u00e1zsk\u00fd\" title=\"Zby\u0161ek Podhr\u00e1zsk\u00fd\"\n                 class=\"img-fluid\" style=\"max-height: 400px;\">\n    <\/div>\n<\/div>\n<\/div>","protected":false},"excerpt":{"rendered":"","protected":false},"author":4,"featured_media":0,"parent":0,"menu_order":0,"comment_status":"closed","ping_status":"closed","template":"","meta":{"footnotes":""},"class_list":["post-132","page","type-page","status-publish","hentry"],"_links":{"self":[{"href":"https:\/\/www.cryptomania.cz\/ob\/wp-json\/wp\/v2\/pages\/132","targetHints":{"allow":["GET"]}}],"collection":[{"href":"https:\/\/www.cryptomania.cz\/ob\/wp-json\/wp\/v2\/pages"}],"about":[{"href":"https:\/\/www.cryptomania.cz\/ob\/wp-json\/wp\/v2\/types\/page"}],"author":[{"embeddable":true,"href":"https:\/\/www.cryptomania.cz\/ob\/wp-json\/wp\/v2\/users\/4"}],"replies":[{"embeddable":true,"href":"https:\/\/www.cryptomania.cz\/ob\/wp-json\/wp\/v2\/comments?post=132"}],"version-history":[{"count":2,"href":"https:\/\/www.cryptomania.cz\/ob\/wp-json\/wp\/v2\/pages\/132\/revisions"}],"predecessor-version":[{"id":135,"href":"https:\/\/www.cryptomania.cz\/ob\/wp-json\/wp\/v2\/pages\/132\/revisions\/135"}],"wp:attachment":[{"href":"https:\/\/www.cryptomania.cz\/ob\/wp-json\/wp\/v2\/media?parent=132"}],"curies":[{"name":"wp","href":"https:\/\/api.w.org\/{rel}","templated":true}]}}